{"id":79,"date":"2017-02-09T13:16:11","date_gmt":"2017-02-09T13:16:11","guid":{"rendered":"https:\/\/duralitediamonddrills.com\/?page_id=79"},"modified":"2025-08-14T10:44:28","modified_gmt":"2025-08-14T13:14:28","slug":"about-us","status":"publish","type":"page","link":"https:\/\/duralitediamonddrills.com\/es\/about-us\/","title":{"rendered":"Sobre Nosotros"},"content":{"rendered":"<div class=\"wpb-content-wrapper\"><div class=\"vc_row wpb_row vc_row-fluid\"><div class=\"wpb_column vc_column_container vc_col-sm-12 sc_layouts_column_icons_position_left\"><div class=\"vc_column-inner\"><div class=\"wpb_wrapper\"><div class=\"vc_empty_space  height_large\"   style=\"height: 32px\"><span class=\"vc_empty_space_inner\"><\/span><\/div><div class=\"vc_row wpb_row vc_inner vc_row-fluid\"><div class=\"wpb_column vc_column_container vc_col-sm-4 sc_layouts_column_icons_position_left\"><div class=\"vc_column-inner\"><div class=\"wpb_wrapper\">\n\t<div class=\"wpb_text_column wpb_content_element\" >\n\t\t<div class=\"wpb_wrapper\">\n\t\t\t<p>Duralite Diamond Drills dise\u00f1an y fabrican perforadoras y equipos de perforaci\u00f3n de alta calidad. Con una amplia gama de instalaciones de fabricaci\u00f3n, fabricaci\u00f3n y soporte, Duralite ofrece brocas de diamante de alto rendimiento que cumplen con las expectativas de los consumidores. Duralite trabaja arduamente para garantizar que el rendimiento de cada producto est\u00e9 a la altura de su nombre.<\/p>\n\n\t\t<\/div>\n\t<\/div>\n<\/div><\/div><\/div><div class=\"wpb_column vc_column_container vc_col-sm-4 sc_layouts_column_icons_position_left\"><div class=\"vc_column-inner\"><div class=\"wpb_wrapper\">\n\t<div class=\"wpb_text_column wpb_content_element\" >\n\t\t<div class=\"wpb_wrapper\">\n\t\t\t<p>R\u00e1pidamente estamos siendo reconocidos como un l\u00edder en toda la industria en el dise\u00f1o y fabricaci\u00f3n de plataformas de perforaci\u00f3n port\u00e1tiles. Con un 90 % de aluminio liviano, nuestros taladros est\u00e1n dise\u00f1ados espec\u00edficamente para transportarse f\u00e1cilmente y ensamblarse r\u00e1pidamente. Sin sacrificar la fuerza ni la potencia, nuestro dise\u00f1o modular garantiza que nuestros productos prosperen incluso en los climas m\u00e1s duros.<\/p>\n\n\t\t<\/div>\n\t<\/div>\n<\/div><\/div><\/div><div class=\"wpb_column vc_column_container vc_col-sm-4 sc_layouts_column_icons_position_left\"><div class=\"vc_column-inner\"><div class=\"wpb_wrapper\">\n\t<div class=\"wpb_text_column wpb_content_element\" >\n\t\t<div class=\"wpb_wrapper\">\n\t\t\t<p>Con una clara ventaja de productividad y eficiencia, Duralite ofrece a los consumidores equipos de perforaci\u00f3n de alta calidad y f\u00e1ciles de transportar.<\/p>\n<p>Aligere su carga: explore los productos y servicios que ofrecemos y vea los testimonios de nuestros clientes para ver la diferencia que marca Duralite.<\/p>\n\n\t\t<\/div>\n\t<\/div>\n<\/div><\/div><\/div><\/div><div class=\"vc_empty_space  height_small\"   style=\"height: 32px\"><span class=\"vc_empty_space_inner\"><\/span><\/div><div id=\"sc_title_651912317\"\r\n\t\tclass=\"sc_title sc_title_default\"><h2 class=\"sc_item_title sc_title_title sc_align_center sc_item_title_style_default\">DURALITE EN EL MUNDO<\/h2><\/div><!-- \/.sc_title --><div class=\"vc_empty_space  height_small\"   style=\"height: 32px\"><span class=\"vc_empty_space_inner\"><\/span><\/div>\n\t<div  class=\"wpb_single_image wpb_content_element vc_align_center wpb_content_element\">\n\t\t\n\t\t<figure class=\"wpb_wrapper vc_figure\">\n\t\t\t<div class=\"vc_single_image-wrapper   vc_box_border_grey\"><img loading=\"lazy\" decoding=\"async\" width=\"1099\" height=\"435\" src=\"https:\/\/duralitediamonddrills.com\/wp-content\/uploads\/2023\/02\/mapa-espanol.jpg\" class=\"vc_single_image-img attachment-full\" alt=\"Duralite world map\" title=\"mapa-espanol\" srcset=\"https:\/\/duralitediamonddrills.com\/wp-content\/uploads\/2023\/02\/mapa-espanol.jpg 1099w, https:\/\/duralitediamonddrills.com\/wp-content\/uploads\/2023\/02\/mapa-espanol-300x119.jpg 300w, https:\/\/duralitediamonddrills.com\/wp-content\/uploads\/2023\/02\/mapa-espanol-1024x405.jpg 1024w, https:\/\/duralitediamonddrills.com\/wp-content\/uploads\/2023\/02\/mapa-espanol-768x304.jpg 768w, https:\/\/duralitediamonddrills.com\/wp-content\/uploads\/2023\/02\/mapa-espanol-370x146.jpg 370w, https:\/\/duralitediamonddrills.com\/wp-content\/uploads\/2023\/02\/mapa-espanol-760x301.jpg 760w, https:\/\/duralitediamonddrills.com\/wp-content\/uploads\/2023\/02\/mapa-espanol-740x293.jpg 740w\" sizes=\"auto, (max-width: 1099px) 100vw, 1099px\" \/><\/div>\n\t\t<\/figure>\n\t<\/div>\n<\/div><\/div><\/div><\/div><div class=\"vc_row wpb_row vc_row-fluid\"><div class=\"wpb_column vc_column_container vc_col-sm-12 sc_layouts_column_icons_position_left\"><div class=\"vc_column-inner\"><div class=\"wpb_wrapper\"><div class=\"vc_separator wpb_content_element vc_separator_align_center vc_sep_width_100 vc_sep_pos_align_center vc_separator_no_text vc_sep_color_grey wpb_content_element  wpb_content_element\" ><span class=\"vc_sep_holder vc_sep_holder_l\"><span class=\"vc_sep_line\"><\/span><\/span><span class=\"vc_sep_holder vc_sep_holder_r\"><span class=\"vc_sep_line\"><\/span><\/span>\n<\/div><\/div><\/div><\/div><\/div><div class=\"vc_row wpb_row vc_row-fluid\"><div class=\"wpb_column vc_column_container vc_col-sm-12 sc_layouts_column_icons_position_left\"><div class=\"vc_column-inner\"><div class=\"wpb_wrapper\">\n\t<div  class=\"wpb_single_image wpb_content_element vc_align_center wpb_content_element\">\n\t\t\n\t\t<figure class=\"wpb_wrapper vc_figure\">\n\t\t\t<div class=\"vc_single_image-wrapper   vc_box_border_grey\"><img loading=\"lazy\" decoding=\"async\" width=\"1440\" height=\"1080\" src=\"https:\/\/duralitediamonddrills.com\/wp-content\/uploads\/2023\/02\/product-mule-4.jpg\" class=\"vc_single_image-img attachment-full\" alt=\"Duralite Drill Mule\" title=\"product-mule-4\" srcset=\"https:\/\/duralitediamonddrills.com\/wp-content\/uploads\/2023\/02\/product-mule-4.jpg 1440w, https:\/\/duralitediamonddrills.com\/wp-content\/uploads\/2023\/02\/product-mule-4-300x225.jpg 300w, https:\/\/duralitediamonddrills.com\/wp-content\/uploads\/2023\/02\/product-mule-4-1024x768.jpg 1024w, https:\/\/duralitediamonddrills.com\/wp-content\/uploads\/2023\/02\/product-mule-4-768x576.jpg 768w, https:\/\/duralitediamonddrills.com\/wp-content\/uploads\/2023\/02\/product-mule-4-370x278.jpg 370w, https:\/\/duralitediamonddrills.com\/wp-content\/uploads\/2023\/02\/product-mule-4-760x570.jpg 760w, https:\/\/duralitediamonddrills.com\/wp-content\/uploads\/2023\/02\/product-mule-4-740x555.jpg 740w, https:\/\/duralitediamonddrills.com\/wp-content\/uploads\/2023\/02\/product-mule-4-1080x810.jpg 1080w, https:\/\/duralitediamonddrills.com\/wp-content\/uploads\/2023\/02\/product-mule-4-620x465.jpg 620w, https:\/\/duralitediamonddrills.com\/wp-content\/uploads\/2023\/02\/product-mule-4-400x300.jpg 400w\" sizes=\"auto, (max-width: 1440px) 100vw, 1440px\" \/><\/div>\n\t\t<\/figure>\n\t<\/div>\n<\/div><\/div><\/div><\/div><div class=\"vc_row wpb_row vc_row-fluid\"><div class=\"wpb_column vc_column_container vc_col-sm-12 sc_layouts_column_icons_position_left\"><div class=\"vc_column-inner\"><div class=\"wpb_wrapper\"><div class=\"vc_empty_space  height_small\"   style=\"height: 32px\"><span class=\"vc_empty_space_inner\"><\/span><\/div><div id=\"sc_title_2083486913\"\r\n\t\tclass=\"sc_title sc_title_default\"><h2 class=\"sc_item_title sc_title_title sc_align_center sc_item_title_style_default\">RESPONSABILIDAD SOCIAL<\/h2><\/div><!-- \/.sc_title --><div class=\"vc_empty_space  height_small\"   style=\"height: 32px\"><span class=\"vc_empty_space_inner\"><\/span><\/div><\/div><\/div><\/div><\/div><div class=\"vc_row wpb_row vc_row-fluid\"><div class=\"wpb_column vc_column_container vc_col-sm-12 sc_layouts_column_icons_position_left\"><div class=\"vc_column-inner\"><div class=\"wpb_wrapper\">\n\t<div  class=\"wpb_single_image wpb_content_element vc_align_center wpb_content_element\">\n\t\t\n\t\t<figure class=\"wpb_wrapper vc_figure\">\n\t\t\t<div class=\"vc_single_image-wrapper   vc_box_border_grey\"><img loading=\"lazy\" decoding=\"async\" width=\"843\" height=\"562\" src=\"https:\/\/duralitediamonddrills.com\/wp-content\/uploads\/2023\/02\/charity-8.jpg\" class=\"vc_single_image-img attachment-full\" alt=\"Duralite Diamond Drills Stewardship and Giving in Columbia\" title=\"Duralite-charity-8\" srcset=\"https:\/\/duralitediamonddrills.com\/wp-content\/uploads\/2023\/02\/charity-8.jpg 843w, https:\/\/duralitediamonddrills.com\/wp-content\/uploads\/2023\/02\/charity-8-300x200.jpg 300w, https:\/\/duralitediamonddrills.com\/wp-content\/uploads\/2023\/02\/charity-8-768x512.jpg 768w, https:\/\/duralitediamonddrills.com\/wp-content\/uploads\/2023\/02\/charity-8-370x247.jpg 370w, https:\/\/duralitediamonddrills.com\/wp-content\/uploads\/2023\/02\/charity-8-760x507.jpg 760w, https:\/\/duralitediamonddrills.com\/wp-content\/uploads\/2023\/02\/charity-8-740x493.jpg 740w\" sizes=\"auto, (max-width: 843px) 100vw, 843px\" \/><\/div>\n\t\t<\/figure>\n\t<\/div>\n<div class=\"vc_empty_space  height_small\"   style=\"height: 32px\"><span class=\"vc_empty_space_inner\"><\/span><\/div><\/div><\/div><\/div><\/div><div class=\"vc_row wpb_row vc_row-fluid\"><div class=\"wpb_column vc_column_container vc_col-sm-6 sc_layouts_column_icons_position_left\"><div class=\"vc_column-inner\"><div class=\"wpb_wrapper\">\n\t<div class=\"wpb_text_column wpb_content_element\" >\n\t\t<div class=\"wpb_wrapper\">\n\t\t\t<p>Hace varios a\u00f1os, Duralite Diamond Drills decidi\u00f3 retribuir a la comunidad internacional y ayudar a los ni\u00f1os privilegiados en diferentes \u00e1reas del mundo a trav\u00e9s de organizaciones acreditadas. El primer proyecto de este tipo fue posible gracias a una donaci\u00f3n a Agape House en Tailandia (con misioneros originarios de Terranova).<\/p>\n\n\t\t<\/div>\n\t<\/div>\n<\/div><\/div><\/div><div class=\"wpb_column vc_column_container vc_col-sm-6 sc_layouts_column_icons_position_left\"><div class=\"vc_column-inner\"><div class=\"wpb_wrapper\">\n\t<div class=\"wpb_text_column wpb_content_element\" >\n\t\t<div class=\"wpb_wrapper\">\n\t\t\t<p>Esta donaci\u00f3n ayud\u00f3 a renovar una casa para ni\u00f1os afectados por el VIH \/ SIDA en esa \u00e1rea. Parte del dinero tambi\u00e9n se le dio a un hombre local que es un padre soltero con VIH. Utiliz\u00f3 el dinero para instalar un bastidor en su scooter que luego podr\u00eda utilizarse como un taxi.<\/p>\n\n\t\t<\/div>\n\t<\/div>\n<\/div><\/div><\/div><\/div><div class=\"vc_row wpb_row vc_row-fluid\"><div class=\"wpb_column vc_column_container vc_col-sm-12 sc_layouts_column_icons_position_left\"><div class=\"vc_column-inner\"><div class=\"wpb_wrapper\"><div class=\"vc_empty_space  height_small\"   style=\"height: 32px\"><span class=\"vc_empty_space_inner\"><\/span><\/div><\/div><\/div><\/div><\/div><div class=\"vc_row wpb_row vc_row-fluid\"><div class=\"wpb_column vc_column_container vc_col-sm-6 sc_layouts_column_icons_position_left\"><div class=\"vc_column-inner\"><div class=\"wpb_wrapper\">\n\t<div class=\"wpb_text_column wpb_content_element\" >\n\t\t<div class=\"wpb_wrapper\">\n\t\t\t<p>El siguiente proyecto se realiz\u00f3 a trav\u00e9s de la Iglesia Pentecostal Maranatha de Triton, NL en Tegucigalpa, Honduras. Esta donaci\u00f3n permiti\u00f3 a los misioneros (que son originarios de Terranova) y la organizaci\u00f3n para la que trabajan construir \/ completar una adici\u00f3n a la escuela local.<\/p>\n\n\t\t<\/div>\n\t<\/div>\n<\/div><\/div><\/div><div class=\"wpb_column vc_column_container vc_col-sm-6 sc_layouts_column_icons_position_left\"><div class=\"vc_column-inner\"><div class=\"wpb_wrapper\">\n\t<div class=\"wpb_text_column wpb_content_element\" >\n\t\t<div class=\"wpb_wrapper\">\n\t\t\t<p>El proyecto m\u00e1s reciente ha sido donaciones a La Casita de Nicol\u00e1s, que es un orfanato ubicado en Medell\u00edn, Colombia. El presidente de Duralite, Jerry Jones, visit\u00f3 el orfanato durante uno de sus viajes recientes a Medell\u00edn. Las donaciones han ayudado a financiar juguetes, ropa y necesidades en el orfanato.<\/p>\n\n\t\t<\/div>\n\t<\/div>\n<\/div><\/div><\/div><\/div><div class=\"vc_row wpb_row vc_row-fluid\"><div class=\"wpb_column vc_column_container vc_col-sm-12 sc_layouts_column_icons_position_left\"><div class=\"vc_column-inner\"><div class=\"wpb_wrapper\"><div class=\"vc_empty_space  height_small\"   style=\"height: 32px\"><span class=\"vc_empty_space_inner\"><\/span><\/div><\/div><\/div><\/div><\/div><div class=\"vc_row wpb_row vc_row-fluid\"><div class=\"wpb_column vc_column_container vc_col-sm-6 sc_layouts_column_icons_position_left\"><div class=\"vc_column-inner\"><div class=\"wpb_wrapper\">\n\t<div class=\"wpb_text_column wpb_content_element\" >\n\t\t<div class=\"wpb_wrapper\">\n\t\t\t<p>El \u00faltimo esfuerzo de CHARITY de DURALITE DRILLS ha sido la realizaci\u00f3n de DONACIONES al \"MEXICAN ROUNDUP CORP (MRC) sin fines de lucro. A su vez, tiene convenciones que donan todos sus \"fondos netos\" a los departamentos locales de GEOSCIENCIA de la Universidad para ayudar a los j\u00f3venes estudiantes en geolog\u00eda, miner\u00eda y metalurgia.<\/p>\n\n\t\t<\/div>\n\t<\/div>\n<\/div><\/div><\/div><div class=\"wpb_column vc_column_container vc_col-sm-6 sc_layouts_column_icons_position_left\"><div class=\"vc_column-inner\"><div class=\"wpb_wrapper\">\n\t<div class=\"wpb_text_column wpb_content_element\" >\n\t\t<div class=\"wpb_wrapper\">\n\t\t\t<p>La administraci\u00f3n y los directores de MRC no cobran y ha donado m\u00e1s de $ 20,000 d\u00f3lares estadounidenses a las universidades UNISON, UES y UTH en los \u00faltimos 3 a\u00f1os.<\/p>\n\n\t\t<\/div>\n\t<\/div>\n<\/div><\/div><\/div><\/div><div class=\"vc_row wpb_row vc_row-fluid\"><div class=\"wpb_column vc_column_container vc_col-sm-12 sc_layouts_column_icons_position_left\"><div class=\"vc_column-inner\"><div class=\"wpb_wrapper\"><div class=\"vc_empty_space  height_small\"   style=\"height: 32px\"><span class=\"vc_empty_space_inner\"><\/span><\/div><\/div><\/div><\/div><\/div>\n<\/div>","protected":false},"excerpt":{"rendered":"Duralite diamond drills design and manufacture high quality drills and drilling equipment. With a wide range of fabrication, manufacturing, and support facilities, Duralite provides high performance diamond drills that meet the expectations of consumers. Duralite works hard to ensure that&hellip;","protected":false},"author":2,"featured_media":0,"parent":0,"menu_order":0,"comment_status":"closed","ping_status":"closed","template":"","meta":{"footnotes":""},"class_list":["post-79","page","type-page","status-publish","hentry"],"_links":{"self":[{"href":"https:\/\/duralitediamonddrills.com\/es\/wp-json\/wp\/v2\/pages\/79","targetHints":{"allow":["GET"]}}],"collection":[{"href":"https:\/\/duralitediamonddrills.com\/es\/wp-json\/wp\/v2\/pages"}],"about":[{"href":"https:\/\/duralitediamonddrills.com\/es\/wp-json\/wp\/v2\/types\/page"}],"author":[{"embeddable":true,"href":"https:\/\/duralitediamonddrills.com\/es\/wp-json\/wp\/v2\/users\/2"}],"replies":[{"embeddable":true,"href":"https:\/\/duralitediamonddrills.com\/es\/wp-json\/wp\/v2\/comments?post=79"}],"version-history":[{"count":5,"href":"https:\/\/duralitediamonddrills.com\/es\/wp-json\/wp\/v2\/pages\/79\/revisions"}],"predecessor-version":[{"id":1932,"href":"https:\/\/duralitediamonddrills.com\/es\/wp-json\/wp\/v2\/pages\/79\/revisions\/1932"}],"wp:attachment":[{"href":"https:\/\/duralitediamonddrills.com\/es\/wp-json\/wp\/v2\/media?parent=79"}],"curies":[{"name":"wp","href":"https:\/\/api.w.org\/{rel}","templated":true}]}}