{"id":77,"date":"2017-02-09T13:15:46","date_gmt":"2017-02-09T13:15:46","guid":{"rendered":"https:\/\/duralitediamonddrills.com\/?page_id=77"},"modified":"2025-08-14T10:12:44","modified_gmt":"2025-08-14T12:42:44","slug":"duralite-diamond-drills","status":"publish","type":"page","link":"https:\/\/duralitediamonddrills.com\/es\/","title":{"rendered":"Inicio"},"content":{"rendered":"<div class=\"wpb-content-wrapper\"><div class=\"vc_row wpb_row vc_row-fluid\"><div class=\"wpb_column vc_column_container vc_col-sm-12 sc_layouts_column_icons_position_left\"><div class=\"vc_column-inner\"><div class=\"wpb_wrapper\"><div class=\"vc_row wpb_row vc_inner vc_row-fluid\"><div class=\"wpb_column vc_column_container vc_col-sm-12 sc_layouts_column_icons_position_left\"><div class=\"vc_column-inner\"><div class=\"wpb_wrapper\"><div id=\"widget_slider_1169153709\" class=\"widget_area sc_widget_slider vc_widget_slider wpb_content_element\"><aside id=\"widget_slider_1169153709_widget\" class=\"widget widget_slider\">\t\t\t<div class=\"slider_wrap slider_engine_swiper\">\r\n\t\t\t\t<div id=\"widget_slider_1169153709_outer\" class=\"slider_swiper_outer slider_style_default slider_outer_direction_horizontal slider_outer_nocontrols slider_outer_nopagination slider_outer_titles_center slider_outer_one\"><div id=\"widget_slider_1169153709_swiper\" class=\"slider_swiper swiper-slider-container slider_direction_horizontal slider_nocontrols slider_nopagination slider_titles_center slider_one slider_resize slider_height_auto slider_type_bg\" data-ratio=\"16:9\" data-interval=\"7000\" data-effect=\"slide\" data-pagination=\"bullets\" data-direction=\"horizontal\" data-slides-per-view=\"1\" data-slides-space=\"0\">\r\n\t\t\t\t\t\t<div class=\"swiper-wrapper\"><div  class=\"swiper-slide\" data-image=\"https:\/\/duralitediamonddrills.com\/wp-content\/uploads\/2023\/02\/product-350n-3.jpg\" data-cats=\"&lt;a href=&quot;https:\/\/duralitediamonddrills.com\/es\/category\/drills\/&quot; rel=&quot;category tag&quot;&gt;Drills&lt;\/a&gt;\" data-title=\"350N\" data-date=\"31\/05\/2022\" style=\"background-image:url(https:\/\/duralitediamonddrills.com\/wp-content\/uploads\/2023\/02\/product-350n-3.jpg);\"><div class=\"slide_overlay slide_overlay_small\"><\/div><div class=\"slide_info slide_info_small\"><h3 class=\"slide_title\"><a href=\"https:\/\/duralitediamonddrills.com\/es\/350n\/\">350N<\/a><\/h3><div class=\"slide_cats\"><a href=\"https:\/\/duralitediamonddrills.com\/es\/category\/drills\/\" rel=\"category tag\">Drills<\/a><\/div><\/div><\/div><div  class=\"swiper-slide\" data-image=\"https:\/\/duralitediamonddrills.com\/wp-content\/uploads\/2023\/02\/product-350nmp-1.jpg\" data-cats=\"&lt;a href=&quot;https:\/\/duralitediamonddrills.com\/es\/category\/drills\/&quot; rel=&quot;category tag&quot;&gt;Drills&lt;\/a&gt;\" data-title=\"350NMP\" data-date=\"31\/05\/2022\" style=\"background-image:url(https:\/\/duralitediamonddrills.com\/wp-content\/uploads\/2023\/02\/product-350nmp-1.jpg);\"><div class=\"slide_overlay slide_overlay_small\"><\/div><div class=\"slide_info slide_info_small\"><h3 class=\"slide_title\"><a href=\"https:\/\/duralitediamonddrills.com\/es\/350nmp\/\">350NMP<\/a><\/h3><div class=\"slide_cats\"><a href=\"https:\/\/duralitediamonddrills.com\/es\/category\/drills\/\" rel=\"category tag\">Drills<\/a><\/div><\/div><\/div><div  class=\"swiper-slide\" data-image=\"https:\/\/duralitediamonddrills.com\/wp-content\/uploads\/2023\/02\/product-350b-2.jpg\" data-cats=\"&lt;a href=&quot;https:\/\/duralitediamonddrills.com\/es\/category\/drills\/&quot; rel=&quot;category tag&quot;&gt;Drills&lt;\/a&gt;\" data-title=\"350B\" data-date=\"31\/05\/2022\" style=\"background-image:url(https:\/\/duralitediamonddrills.com\/wp-content\/uploads\/2023\/02\/product-350b-2.jpg);\"><div class=\"slide_overlay slide_overlay_small\"><\/div><div class=\"slide_info slide_info_small\"><h3 class=\"slide_title\"><a href=\"https:\/\/duralitediamonddrills.com\/es\/350b\/\">350B<\/a><\/h3><div class=\"slide_cats\"><a href=\"https:\/\/duralitediamonddrills.com\/es\/category\/drills\/\" rel=\"category tag\">Drills<\/a><\/div><\/div><\/div><div  class=\"swiper-slide\" data-image=\"https:\/\/duralitediamonddrills.com\/wp-content\/uploads\/2023\/02\/product-250b-1.jpg\" data-cats=\"&lt;a href=&quot;https:\/\/duralitediamonddrills.com\/es\/category\/drills\/&quot; rel=&quot;category tag&quot;&gt;Drills&lt;\/a&gt;\" data-title=\"250B\" data-date=\"31\/05\/2022\" style=\"background-image:url(https:\/\/duralitediamonddrills.com\/wp-content\/uploads\/2023\/02\/product-250b-1.jpg);\"><div class=\"slide_overlay slide_overlay_small\"><\/div><div class=\"slide_info slide_info_small\"><h3 class=\"slide_title\"><a href=\"https:\/\/duralitediamonddrills.com\/es\/250b\/\">250B<\/a><\/h3><div class=\"slide_cats\"><a href=\"https:\/\/duralitediamonddrills.com\/es\/category\/drills\/\" rel=\"category tag\">Drills<\/a><\/div><\/div><\/div><div  class=\"swiper-slide\" data-image=\"https:\/\/duralitediamonddrills.com\/wp-content\/uploads\/2023\/02\/product-rodhandler-5.jpg\" data-cats=\"&lt;a href=&quot;https:\/\/duralitediamonddrills.com\/es\/category\/drills\/&quot; rel=&quot;category tag&quot;&gt;Drills&lt;\/a&gt;\" data-title=\"ROD HANDLER\" data-date=\"31\/05\/2022\" style=\"background-image:url(https:\/\/duralitediamonddrills.com\/wp-content\/uploads\/2023\/02\/product-rodhandler-5.jpg);\"><div class=\"slide_overlay slide_overlay_small\"><\/div><div class=\"slide_info slide_info_small\"><h3 class=\"slide_title\"><a href=\"https:\/\/duralitediamonddrills.com\/es\/rod-handler\/\">ROD HANDLER<\/a><\/h3><div class=\"slide_cats\"><a href=\"https:\/\/duralitediamonddrills.com\/es\/category\/drills\/\" rel=\"category tag\">Drills<\/a><\/div><\/div><\/div><\/div><!-- \/.swiper-wripper --><\/div><!-- \/.slider_swiper --><\/div><!-- \/.slider_swiper_outer -->\t\t\t<\/div>\r\n\t\t\t<\/aside><\/div><\/div><\/div><\/div><\/div><\/div><\/div><\/div><div class=\"wpb_column vc_column_container vc_col-sm-12 sc_layouts_column_icons_position_left\"><div class=\"vc_column-inner\"><div class=\"wpb_wrapper\"><div class=\"vc_separator wpb_content_element vc_separator_align_center vc_sep_width_100 vc_sep_border_width_3 vc_sep_pos_align_center vc_separator_no_text vc_sep_color_grey wpb_content_element  wpb_content_element\" ><span class=\"vc_sep_holder vc_sep_holder_l\"><span class=\"vc_sep_line\"><\/span><\/span><span class=\"vc_sep_holder vc_sep_holder_r\"><span class=\"vc_sep_line\"><\/span><\/span>\n<\/div>\n\t<div class=\"wpb_text_column wpb_content_element\" >\n\t\t<div class=\"wpb_wrapper\">\n\t\t\t<h3 class=\"trx_addons_no_margin\" style=\"text-align: center;\"><em>Welcome To<\/em><\/h3>\n<h2 class=\"trx_addons_no_margin\" style=\"text-align: center;\">DuraLite Diamond Drills<\/h2>\n\n\t\t<\/div>\n\t<\/div>\n\n\t<div class=\"wpb_text_column wpb_content_element\" >\n\t\t<div class=\"wpb_wrapper\">\n\t\t\t<h3 style=\"text-align: center;\"><em><strong>Let us Lighten Your Load!<\/strong><\/em><\/h3>\n\n\t\t<\/div>\n\t<\/div>\n<\/div><\/div><\/div><\/div><div class=\"vc_row wpb_row vc_row-fluid\"><div class=\"wpb_column vc_column_container vc_col-sm-12 sc_layouts_column_icons_position_left\"><div class=\"vc_column-inner\"><div class=\"wpb_wrapper\"><div class=\"vc_separator wpb_content_element vc_separator_align_center vc_sep_width_100 vc_sep_border_width_3 vc_sep_pos_align_center vc_separator_no_text vc_sep_color_grey wpb_content_element  wpb_content_element\" ><span class=\"vc_sep_holder vc_sep_holder_l\"><span class=\"vc_sep_line\"><\/span><\/span><span class=\"vc_sep_holder vc_sep_holder_r\"><span class=\"vc_sep_line\"><\/span><\/span>\n<\/div><\/div><\/div><\/div><\/div><div class=\"vc_row wpb_row vc_row-fluid\"><div class=\"wpb_column vc_column_container vc_col-sm-12 vc_col-has-fill sc_layouts_column_icons_position_left\"><div class=\"vc_column-inner vc_custom_1753727644070\"><div class=\"wpb_wrapper\"><h2 style=\"font-size: 60px;text-align: center;font-family:Abril Fatface;font-weight:400;font-style:normal\" class=\"vc_custom_heading vc_do_custom_heading\" >Focus On The Future<\/h2>\n\t<div class=\"wpb_text_column wpb_content_element\" >\n\t\t<div class=\"wpb_wrapper\">\n\t\t\t<h3 style=\"text-align: center;\"><em><b>Duralite diamond drills design and manufacture high quality, light weight drills and drilling equipment.<\/b><span style=\"font-weight: 400;\">&nbsp;<\/span><\/em><\/h3>\n<p style=\"text-align: center;\"><span style=\"font-weight: 400;\">With a wide range of fabrication, manufacturing, and support facilities, Duralite provides high performance diamond drills that meet the expectations of consumers. Duralite works hard to ensure that each product&#8217;s performance lives up to its name.<\/span><\/p>\n\n\t\t<\/div>\n\t<\/div>\n<div class=\"vc_separator wpb_content_element vc_separator_align_center vc_sep_width_100 vc_sep_border_width_3 vc_sep_pos_align_center vc_separator_no_text vc_sep_color_grey wpb_content_element  wpb_content_element\" ><span class=\"vc_sep_holder vc_sep_holder_l\"><span class=\"vc_sep_line\"><\/span><\/span><span class=\"vc_sep_holder vc_sep_holder_r\"><span class=\"vc_sep_line\"><\/span><\/span>\n<\/div>\n\t<div class=\"wpb_text_column wpb_content_element\" >\n\t\t<div class=\"wpb_wrapper\">\n\t\t\t<h2 style=\"text-align: center;\"><strong>Lighten Your Load<\/strong><\/h2>\n<div style=\"text-align: center;\">Duralite Diamond Drills is committed to helping you lighten your load.<\/div>\n<div style=\"text-align: center;\">With lightweight, modular drill designs, transporting equipment to remote and challenging locations has never been easier.<\/div>\n<div style=\"text-align: center;\">Our customizable solutions ensure your team can operate efficiently, regardless of terrain or climate.<\/div>\n\n\t\t<\/div>\n\t<\/div>\n<div class=\"vc_separator wpb_content_element vc_separator_align_center vc_sep_width_100 vc_sep_border_width_3 vc_sep_pos_align_center vc_separator_no_text vc_sep_color_grey wpb_content_element  wpb_content_element\" ><span class=\"vc_sep_holder vc_sep_holder_l\"><span class=\"vc_sep_line\"><\/span><\/span><span class=\"vc_sep_holder vc_sep_holder_r\"><span class=\"vc_sep_line\"><\/span><\/span>\n<\/div>\n\t<div class=\"wpb_text_column wpb_content_element\" >\n\t\t<div class=\"wpb_wrapper\">\n\t\t\t<h2 style=\"text-align: center;\"><strong>Key Features of Duralite Diamond Drills<\/strong><\/h2>\n<h3 style=\"text-align: center;\"><em><strong>Customization:<\/strong><\/em><\/h3>\n<div style=\"text-align: center;\">All drills can be fully customized to meet individual company requirements, ensuring optimal performance for specific project needs.<\/div>\n<div style=\"text-align: center;\"><\/div>\n<h3 style=\"text-align: center;\"><em><strong>Lightweight Fly Rig Configuration:<\/strong><\/em><\/h3>\n<div style=\"text-align: center;\">Every Duralite drill model can be configured as a lightweight fly rig, facilitating easy transportation to remote locations.<\/div>\n<div style=\"text-align: center;\"><\/div>\n<h3 style=\"text-align: center;\"><em><strong>Remote Rubber Track System:<\/strong><\/em><\/h3>\n<div style=\"text-align: center;\">Drills can be equipped with a remote-controlled rubber track system, enhancing mobility across various terrains. Versatility in Deployment: Models 350N to 800N are designed allowing them to be set up as either fly rigs, rubber track or man-portable units, providing flexibility in deployment based on customer requirements.<\/div>\n\n\t\t<\/div>\n\t<\/div>\n<\/div><\/div><\/div><\/div><div class=\"vc_row wpb_row vc_row-fluid\"><div class=\"wpb_column vc_column_container vc_col-sm-12 sc_layouts_column_icons_position_left\"><div class=\"vc_column-inner\"><div class=\"wpb_wrapper\"><div class=\"vc_separator wpb_content_element vc_separator_align_center vc_sep_width_100 vc_sep_border_width_3 vc_sep_pos_align_center vc_separator_no_text vc_sep_color_grey wpb_content_element  wpb_content_element\" ><span class=\"vc_sep_holder vc_sep_holder_l\"><span class=\"vc_sep_line\"><\/span><\/span><span class=\"vc_sep_holder vc_sep_holder_r\"><span class=\"vc_sep_line\"><\/span><\/span>\n<\/div><h2 style=\"font-size: 60px;text-align: center;font-family:Abril Fatface;font-weight:400;font-style:normal\" class=\"vc_custom_heading vc_do_custom_heading\" >Nuestros Productos<\/h2><\/div><\/div><\/div><\/div><div class=\"vc_row wpb_row vc_row-fluid\"><div class=\"wpb_column vc_column_container vc_col-sm-12 sc_layouts_column_icons_position_left\"><div class=\"vc_column-inner\"><div class=\"wpb_wrapper\"><div class=\"sc_blogger sc_blogger_classic\"><div class=\"sc_blogger_columns sc_item_columns trx_addons_columns_wrap columns_padding_bottom\"><div class=\"trx_addons_column-1_3\"><div id=\"post-1381\"\tclass=\"sc_blogger_item post_format_standard post-1381 post type-post status-publish format-standard has-post-thumbnail hentry category-drills tag-drills\"><div class=\"post_featured with_thumb hover_icon sc_blogger_item_featured\"><img loading=\"lazy\" decoding=\"async\" width=\"640\" height=\"426\" src=\"https:\/\/duralitediamonddrills.com\/wp-content\/uploads\/2023\/02\/product-500bmp-1.jpg\" class=\"attachment-franco-thumb-med size-franco-thumb-med wp-post-image\" alt=\"500BMP\" srcset=\"https:\/\/duralitediamonddrills.com\/wp-content\/uploads\/2023\/02\/product-500bmp-1.jpg 640w, https:\/\/duralitediamonddrills.com\/wp-content\/uploads\/2023\/02\/product-500bmp-1-300x200.jpg 300w, https:\/\/duralitediamonddrills.com\/wp-content\/uploads\/2023\/02\/product-500bmp-1-370x246.jpg 370w\" sizes=\"auto, (max-width: 640px) 100vw, 640px\" \/><div class=\"mask\"><\/div><div class=\"icons\"><a href=\"https:\/\/duralitediamonddrills.com\/es\/500bmp\/\" aria-hidden=\"true\" class=\"icon-009-link\"><\/a><\/div><\/div><div class=\"sc_blogger_item_content entry-content\"><div class=\"sc_blogger_item_header entry-header\"><div class=\"post_meta\">\t\t\t\t\t<span class=\"post_meta_item post_date\"><a href=\"https:\/\/duralitediamonddrills.com\/es\/500bmp\/\">31\/05\/2022<\/a><\/span>\n\t\t\t\t\t<\/div><!-- .post_meta --><h3 class=\"sc_blogger_item_title entry-title\"><a href=\"https:\/\/duralitediamonddrills.com\/es\/500bmp\/\" rel=\"bookmark\">500BMP<\/a><\/h3><\/div><!-- .entry-header --><div class=\"sc_blogger_item_excerpt\">\n\t\t\t\t<div class=\"sc_blogger_item_excerpt_text\">\n\t\t\t\t\t<p>OVERVIEW: Duralite Diamond Drills are constructed from only the best quality materials and are designed to be both durable and lightweight. All aspects of the drill have been designed to ensure maximum safety for the user(s). Considerable attention has been&hellip;<\/p>\n\t\t\t\t<\/div>\n\t\t\t\t<div class=\"post_meta\">\t\t\t\t<a class=\"post_meta_item post_author\" rel=\"author\" href=\"https:\/\/duralitediamonddrills.com\/es\/author\/seviourwebdesign\/\"><span class=\"icon-001-people\"><\/span>\n\t\t\t\t\tDavid Seviour\t\t\t\t<\/a>\n\t\t\t\t <a href=\"https:\/\/duralitediamonddrills.com\/es\/500bmp\/#respond\" class=\"post_meta_item post_counters_item post_counters_comments trx_addons_icon-comment\"><span class=\"post_counters_number\">0<\/span><span class=\"post_counters_label\">Comments<\/span><\/a>  <a href=\"https:\/\/duralitediamonddrills.com\/es\/500bmp\/\" class=\"post_meta_item post_counters_item post_counters_views trx_addons_icon-eye\"><span class=\"post_counters_number\">2005<\/span><span class=\"post_counters_label\">Views<\/span><\/a> <\/div><!-- .post_meta --><\/div><!-- .sc_blogger_item_excerpt --><\/div><!-- .entry-content --><\/div><!-- .sc_blogger_item --><\/div><div class=\"trx_addons_column-1_3\"><div id=\"post-1384\"\tclass=\"sc_blogger_item post_format_standard post-1384 post type-post status-publish format-standard has-post-thumbnail hentry category-drills tag-drills\"><div class=\"post_featured with_thumb hover_icon sc_blogger_item_featured\"><img loading=\"lazy\" decoding=\"async\" width=\"640\" height=\"480\" src=\"https:\/\/duralitediamonddrills.com\/wp-content\/uploads\/2023\/02\/product-350b-2.jpg\" class=\"attachment-franco-thumb-med size-franco-thumb-med wp-post-image\" alt=\"350B\" srcset=\"https:\/\/duralitediamonddrills.com\/wp-content\/uploads\/2023\/02\/product-350b-2.jpg 640w, https:\/\/duralitediamonddrills.com\/wp-content\/uploads\/2023\/02\/product-350b-2-300x225.jpg 300w, https:\/\/duralitediamonddrills.com\/wp-content\/uploads\/2023\/02\/product-350b-2-370x278.jpg 370w\" sizes=\"auto, (max-width: 640px) 100vw, 640px\" \/><div class=\"mask\"><\/div><div class=\"icons\"><a href=\"https:\/\/duralitediamonddrills.com\/es\/350b\/\" aria-hidden=\"true\" class=\"icon-009-link\"><\/a><\/div><\/div><div class=\"sc_blogger_item_content entry-content\"><div class=\"sc_blogger_item_header entry-header\"><div class=\"post_meta\">\t\t\t\t\t<span class=\"post_meta_item post_date\"><a href=\"https:\/\/duralitediamonddrills.com\/es\/350b\/\">31\/05\/2022<\/a><\/span>\n\t\t\t\t\t<\/div><!-- .post_meta --><h3 class=\"sc_blogger_item_title entry-title\"><a href=\"https:\/\/duralitediamonddrills.com\/es\/350b\/\" rel=\"bookmark\">350B<\/a><\/h3><\/div><!-- .entry-header --><div class=\"sc_blogger_item_excerpt\">\n\t\t\t\t<div class=\"sc_blogger_item_excerpt_text\">\n\t\t\t\t\t<p>OVERVIEW: Duralite Diamond Drills are constructed from only the best quality materials and are designed to be both durable and lightweight. All aspects of the drill have been designed to ensure maximum safety for the user(s). Considerable attention has been&hellip;<\/p>\n\t\t\t\t<\/div>\n\t\t\t\t<div class=\"post_meta\">\t\t\t\t<a class=\"post_meta_item post_author\" rel=\"author\" href=\"https:\/\/duralitediamonddrills.com\/es\/author\/seviourwebdesign\/\"><span class=\"icon-001-people\"><\/span>\n\t\t\t\t\tDavid Seviour\t\t\t\t<\/a>\n\t\t\t\t <a href=\"https:\/\/duralitediamonddrills.com\/es\/350b\/#respond\" class=\"post_meta_item post_counters_item post_counters_comments trx_addons_icon-comment\"><span class=\"post_counters_number\">0<\/span><span class=\"post_counters_label\">Comments<\/span><\/a>  <a href=\"https:\/\/duralitediamonddrills.com\/es\/350b\/\" class=\"post_meta_item post_counters_item post_counters_views trx_addons_icon-eye\"><span class=\"post_counters_number\">2048<\/span><span class=\"post_counters_label\">Views<\/span><\/a> <\/div><!-- .post_meta --><\/div><!-- .sc_blogger_item_excerpt --><\/div><!-- .entry-content --><\/div><!-- .sc_blogger_item --><\/div><div class=\"trx_addons_column-1_3\"><div id=\"post-1387\"\tclass=\"sc_blogger_item post_format_standard post-1387 post type-post status-publish format-standard has-post-thumbnail hentry category-drills tag-drills\"><div class=\"post_featured with_thumb hover_icon sc_blogger_item_featured\"><img loading=\"lazy\" decoding=\"async\" width=\"740\" height=\"520\" src=\"https:\/\/duralitediamonddrills.com\/wp-content\/uploads\/2023\/02\/product-mule-2-740x520.jpg\" class=\"attachment-franco-thumb-med size-franco-thumb-med wp-post-image\" alt=\"MULE 1.0\" \/><div class=\"mask\"><\/div><div class=\"icons\"><a href=\"https:\/\/duralitediamonddrills.com\/es\/mule-1-0\/\" aria-hidden=\"true\" class=\"icon-009-link\"><\/a><\/div><\/div><div class=\"sc_blogger_item_content entry-content\"><div class=\"sc_blogger_item_header entry-header\"><div class=\"post_meta\">\t\t\t\t\t<span class=\"post_meta_item post_date\"><a href=\"https:\/\/duralitediamonddrills.com\/es\/mule-1-0\/\">31\/05\/2022<\/a><\/span>\n\t\t\t\t\t<\/div><!-- .post_meta --><h3 class=\"sc_blogger_item_title entry-title\"><a href=\"https:\/\/duralitediamonddrills.com\/es\/mule-1-0\/\" rel=\"bookmark\">MULE 1.0<\/a><\/h3><\/div><!-- .entry-header --><div class=\"sc_blogger_item_excerpt\">\n\t\t\t\t<div class=\"sc_blogger_item_excerpt_text\">\n\t\t\t\t\t<p>OVERVIEW: The Duralite Mule 1.0 is constructed from only the best quality materials and is designed to be rugged and agile. All aspects of the Mule have been designed to ensure maximum safety for the user(s). It is constructed of&hellip;<\/p>\n\t\t\t\t<\/div>\n\t\t\t\t<div class=\"post_meta\">\t\t\t\t<a class=\"post_meta_item post_author\" rel=\"author\" href=\"https:\/\/duralitediamonddrills.com\/es\/author\/seviourwebdesign\/\"><span class=\"icon-001-people\"><\/span>\n\t\t\t\t\tDavid Seviour\t\t\t\t<\/a>\n\t\t\t\t <a href=\"https:\/\/duralitediamonddrills.com\/es\/mule-1-0\/#respond\" class=\"post_meta_item post_counters_item post_counters_comments trx_addons_icon-comment\"><span class=\"post_counters_number\">0<\/span><span class=\"post_counters_label\">Comments<\/span><\/a>  <a href=\"https:\/\/duralitediamonddrills.com\/es\/mule-1-0\/\" class=\"post_meta_item post_counters_item post_counters_views trx_addons_icon-eye\"><span class=\"post_counters_number\">2149<\/span><span class=\"post_counters_label\">Views<\/span><\/a> <\/div><!-- .post_meta --><\/div><!-- .sc_blogger_item_excerpt --><\/div><!-- .entry-content --><\/div><!-- .sc_blogger_item --><\/div><\/div><\/div><!-- \/.sc_blogger --><\/div><\/div><\/div><\/div><section data-vc-full-width=\"true\" data-vc-full-width-temp=\"true\" data-vc-full-width-init=\"false\" class=\"vc_section vc_custom_1751463779477 vc_section-has-fill\"><div class=\"vc_row wpb_row vc_row-fluid\"><div class=\"wpb_column vc_column_container vc_col-sm-12 sc_layouts_column_icons_position_left\"><div class=\"vc_column-inner\"><div class=\"wpb_wrapper\">\n\t<div class=\"wpb_text_column wpb_content_element\" >\n\t\t<div class=\"wpb_wrapper\">\n\t\t\t<h2 style=\"text-align: center;\"><em><strong>Testimonios<\/strong><\/em><\/h2>\n\n\t\t<\/div>\n\t<\/div>\n<\/div><\/div><\/div><\/div><div class=\"vc_row wpb_row vc_row-fluid\"><div class=\"wpb_column vc_column_container vc_col-sm-12 sc_layouts_column_icons_position_left\"><div class=\"vc_column-inner\"><div class=\"wpb_wrapper\"><div class=\"sc_testimonials sc_testimonials_default  vc_custom_1751463716288\"><div class=\"sc_testimonials_slider sc_item_slider\tslider_swiper_outer slider_outer_controls slider_outer_controls_side slider_outer_pagination slider_outer_pagination_bullets slider_outer_pagination_pos_left slider_outer_one\">\r\n\t<div class=\"swiper-slider-container slider_swiper slider_noresize slider_controls slider_controls_side slider_pagination slider_pagination_bullets slider_pagination_pos_left slider_one\" data-slides-min-width=\"150\">\r\n\t\t<div class=\"slides swiper-wrapper sc_item_columns_1\"><div class=\"swiper-slide\"><div class=\"sc_testimonials_item\">\n    \t<div class=\"sc_testimonials_item_content\"><p>Habiendo transportado los Duralites, es un taladro efectivo y eficiente. Grandes secciones de la perforadora se pueden mover en una sola elevaci\u00f3n para movimientos m\u00e1s r\u00e1pidos y la perforadora se puede bajar r\u00e1pidamente para adaptarse a diferentes pesos, espesores y condiciones atmosf\u00e9ricas.<\/p>\n<\/div>\n\t<div class=\"sc_testimonials_item_author\">\n\t\t<div class=\"sc_testimonials_item_author_data\">\n\t\t\t<h4 class=\"sc_testimonials_item_author_title\">Craig Mayo<\/h4>\n\t\t\t<div class=\"sc_testimonials_item_author_subtitle\">Pilot, Canadian Helicopters<\/div>\n\t\t<\/div>\n\t<\/div>\n<\/div>\n<\/div><div class=\"swiper-slide\"><div class=\"sc_testimonials_item\">\n    \t<div class=\"sc_testimonials_item_content\"><p>Greenland Mining Services A\/S se enorgullece de ser el primero en tener una perforadora Duralite en el mercado extranjero. Hoy, GMS posee tres Duralite 500N, ahora hemos establecido un r\u00e9cord en metros alcanzados en la temporada de perforaci\u00f3n de 2007 en Groenlandia y para 2008 estableceremos un nuevo r\u00e9cord. GMS continuar\u00e1 usando las brocas de diamante Duralite en el futuro y recomienda el sistema port\u00e1til para trabajar en \u00e1reas remotas.<\/p>\n<\/div>\n\t<div class=\"sc_testimonials_item_author\">\n\t\t<div class=\"sc_testimonials_item_author_data\">\n\t\t\t<h4 class=\"sc_testimonials_item_author_title\">Johannes Kyed<\/h4>\n\t\t\t<div class=\"sc_testimonials_item_author_subtitle\"><\/div>\n\t\t<\/div>\n\t<\/div>\n<\/div>\n<\/div><div class=\"swiper-slide\"><div class=\"sc_testimonials_item\">\n    \t<div class=\"sc_testimonials_item_content\"><p>A todos les encanta transportar el Duralite 500 \u201dEs r\u00e1pido y tiene menos piezas, si un taladro fuera as\u00ed de simple, abrir\u00eda m\u00e1s pilotos que llevan taladros.<\/p>\n<\/div>\n\t<div class=\"sc_testimonials_item_author\">\n\t\t<div class=\"sc_testimonials_item_author_data\">\n\t\t\t<h4 class=\"sc_testimonials_item_author_title\">Chris Rodway<\/h4>\n\t\t\t<div class=\"sc_testimonials_item_author_subtitle\">Geo. Minera Lyell S.A. de C.V.<\/div>\n\t\t<\/div>\n\t<\/div>\n<\/div>\n<\/div><\/div><div class=\"slider_controls_wrap\"><a class=\"slider_prev swiper-button-prev\" href=\"#\"><\/a><a class=\"slider_next swiper-button-next\" href=\"#\"><\/a><\/div><div class=\"slider_pagination_wrap swiper-pagination\"><\/div><\/div><\/div><\/div><!-- \/.sc_testimonials --><\/div><\/div><\/div><\/div><\/section><div class=\"vc_row-full-width vc_clearfix\"><\/div><div class=\"vc_row wpb_row vc_row-fluid\"><div class=\"wpb_column vc_column_container vc_col-sm-12 sc_layouts_column_icons_position_left\"><div class=\"vc_column-inner\"><div class=\"wpb_wrapper\"><\/div><\/div><\/div><\/div><div class=\"vc_row wpb_row vc_row-fluid\"><div class=\"wpb_column vc_column_container vc_col-sm-12 sc_layouts_column_icons_position_left\"><div class=\"vc_column-inner\"><div class=\"wpb_wrapper\"><\/div><\/div><\/div><\/div>\n<\/div>","protected":false},"excerpt":{"rendered":"Everyone loves to transport the Duralite 500 \u201dIt's fast and has fewer parts, if a drill were that simple, it would open more pilots carrying drills.","protected":false},"author":3,"featured_media":0,"parent":0,"menu_order":0,"comment_status":"closed","ping_status":"closed","template":"","meta":{"footnotes":""},"class_list":["post-77","page","type-page","status-publish","hentry"],"_links":{"self":[{"href":"https:\/\/duralitediamonddrills.com\/es\/wp-json\/wp\/v2\/pages\/77","targetHints":{"allow":["GET"]}}],"collection":[{"href":"https:\/\/duralitediamonddrills.com\/es\/wp-json\/wp\/v2\/pages"}],"about":[{"href":"https:\/\/duralitediamonddrills.com\/es\/wp-json\/wp\/v2\/types\/page"}],"author":[{"embeddable":true,"href":"https:\/\/duralitediamonddrills.com\/es\/wp-json\/wp\/v2\/users\/3"}],"replies":[{"embeddable":true,"href":"https:\/\/duralitediamonddrills.com\/es\/wp-json\/wp\/v2\/comments?post=77"}],"version-history":[{"count":5,"href":"https:\/\/duralitediamonddrills.com\/es\/wp-json\/wp\/v2\/pages\/77\/revisions"}],"predecessor-version":[{"id":1930,"href":"https:\/\/duralitediamonddrills.com\/es\/wp-json\/wp\/v2\/pages\/77\/revisions\/1930"}],"wp:attachment":[{"href":"https:\/\/duralitediamonddrills.com\/es\/wp-json\/wp\/v2\/media?parent=77"}],"curies":[{"name":"wp","href":"https:\/\/api.w.org\/{rel}","templated":true}]}}